{"id":10041,"date":"2024-02-05T10:34:13","date_gmt":"2024-02-05T10:34:13","guid":{"rendered":"https:\/\/hexadindustries.com\/merci\/"},"modified":"2026-03-15T05:40:50","modified_gmt":"2026-03-15T05:40:50","slug":"merci","status":"publish","type":"page","link":"https:\/\/hexadindustries.com\/fr\/merci\/","title":{"rendered":"Merci"},"content":{"rendered":"\t\t<div data-elementor-type=\"wp-page\" data-elementor-id=\"10041\" class=\"elementor elementor-10041 elementor-2732\" data-elementor-post-type=\"page\">\n\t\t\t\t\t\t<section class=\"elementor-section elementor-top-section elementor-element elementor-element-c2ab97d elementor-section-boxed elementor-section-height-default elementor-section-height-default\" data-id=\"c2ab97d\" data-element_type=\"section\" data-e-type=\"section\" data-settings=\"{&quot;background_background&quot;:&quot;classic&quot;,&quot;shape_divider_bottom&quot;:&quot;pyramids&quot;}\">\n\t\t\t\t\t<div class=\"elementor-shape elementor-shape-bottom\" aria-hidden=\"true\" data-negative=\"false\">\n\t\t\t<svg xmlns=\"http:\/\/www.w3.org\/2000\/svg\" viewBox=\"0 0 1000 100\" preserveAspectRatio=\"none\">\n\t<path class=\"elementor-shape-fill\" d=\"M761.9,44.1L643.1,27.2L333.8,98L0,3.8V0l1000,0v3.9\"\/>\n<\/svg>\t\t<\/div>\n\t\t\t\t\t<div class=\"elementor-container elementor-column-gap-default\">\n\t\t\t\t\t<div class=\"elementor-column elementor-col-100 elementor-top-column elementor-element elementor-element-e2ee857\" data-id=\"e2ee857\" data-element_type=\"column\" data-e-type=\"column\">\n\t\t\t<div class=\"elementor-widget-wrap elementor-element-populated\">\n\t\t\t\t\t\t<div class=\"elementor-element elementor-element-0186c54 elementor-widget elementor-widget-heading\" data-id=\"0186c54\" data-element_type=\"widget\" data-e-type=\"widget\" data-widget_type=\"heading.default\">\n\t\t\t\t<div class=\"elementor-widget-container\">\n\t\t\t\t\t<h2 class=\"elementor-heading-title elementor-size-default\">Merci !<\/h2>\t\t\t\t<\/div>\n\t\t\t\t<\/div>\n\t\t\t\t<div class=\"elementor-element elementor-element-0fe7d88 elementor-widget-divider--view-line elementor-widget elementor-widget-divider\" data-id=\"0fe7d88\" data-element_type=\"widget\" data-e-type=\"widget\" data-widget_type=\"divider.default\">\n\t\t\t\t<div class=\"elementor-widget-container\">\n\t\t\t\t\t\t\t<div class=\"elementor-divider\">\n\t\t\t<span class=\"elementor-divider-separator\">\n\t\t\t\t\t\t<\/span>\n\t\t<\/div>\n\t\t\t\t\t\t<\/div>\n\t\t\t\t<\/div>\n\t\t\t\t\t<\/div>\n\t\t<\/div>\n\t\t\t\t\t<\/div>\n\t\t<\/section>\n\t\t\t\t<section class=\"elementor-section elementor-top-section elementor-element elementor-element-b2c388c elementor-section-content-middle elementor-section-boxed elementor-section-height-default elementor-section-height-default\" data-id=\"b2c388c\" data-element_type=\"section\" data-e-type=\"section\">\n\t\t\t\t\t\t<div class=\"elementor-container elementor-column-gap-default\">\n\t\t\t\t\t<div class=\"elementor-column elementor-col-50 elementor-top-column elementor-element elementor-element-8e1ed0e\" data-id=\"8e1ed0e\" data-element_type=\"column\" data-e-type=\"column\">\n\t\t\t<div class=\"elementor-widget-wrap elementor-element-populated\">\n\t\t\t\t\t\t<div class=\"elementor-element elementor-element-ffa7498 elementor-widget elementor-widget-image\" data-id=\"ffa7498\" data-element_type=\"widget\" data-e-type=\"widget\" data-widget_type=\"image.default\">\n\t\t\t\t<div class=\"elementor-widget-container\">\n\t\t\t\t\t\t\t\t\t\t\t\t\t\t\t<img fetchpriority=\"high\" decoding=\"async\" width=\"800\" height=\"534\" src=\"https:\/\/hexadindustries.com\/wp-content\/uploads\/2024\/02\/Thank-You-Image-1-1024x683.jpg\" class=\"attachment-large size-large wp-image-10042\" alt=\"\" srcset=\"https:\/\/hexadindustries.com\/wp-content\/uploads\/2024\/02\/Thank-You-Image-1-1024x683.jpg 1024w, https:\/\/hexadindustries.com\/wp-content\/uploads\/2024\/02\/Thank-You-Image-1-300x200.jpg 300w, https:\/\/hexadindustries.com\/wp-content\/uploads\/2024\/02\/Thank-You-Image-1-768x512.jpg 768w, https:\/\/hexadindustries.com\/wp-content\/uploads\/2024\/02\/Thank-You-Image-1.jpg 1380w\" sizes=\"(max-width: 800px) 100vw, 800px\" \/>\t\t\t\t\t\t\t\t\t\t\t\t\t\t\t<\/div>\n\t\t\t\t<\/div>\n\t\t\t\t\t<\/div>\n\t\t<\/div>\n\t\t\t\t<div class=\"elementor-column elementor-col-50 elementor-top-column elementor-element elementor-element-3b4a63d\" data-id=\"3b4a63d\" data-element_type=\"column\" data-e-type=\"column\">\n\t\t\t<div class=\"elementor-widget-wrap elementor-element-populated\">\n\t\t\t\t\t\t<div class=\"elementor-element elementor-element-e01d497 elementor-widget__width-initial elementor-widget elementor-widget-text-editor\" data-id=\"e01d497\" data-element_type=\"widget\" data-e-type=\"widget\" data-widget_type=\"text-editor.default\">\n\t\t\t\t<div class=\"elementor-widget-container\">\n\t\t\t\t\t\t\t\t\t<p>Vous venez de nous envoyer un e-mail et nous esp\u00e9rons que nous pourrons devenir de bons partenaires \u00e0 l&rsquo;avenir, dans l&rsquo;int\u00e9r\u00eat de tous. <\/p>\n<p>Nous vous contacterons dans un d\u00e9lai d&rsquo;un jour ouvrable. Veuillez surveiller vos e-mails provenant d&rsquo;adresses se terminant par \u00ab <b>@hexadindustries.com<\/b> \u00bb, \u00ab <b>@hexadglass.com<\/b> \u00bb ou&nbsp;<b>WhatsApp<\/b>.<\/p>\n<p>Si une assistance technique est n\u00e9cessaire, nos sp\u00e9cialistes produits auront besoin d&rsquo;un d\u00e9lai pouvant aller jusqu&rsquo;\u00e0 48 heures pour se pr\u00e9parer et ne seront pas en mesure de vous r\u00e9pondre dans les meilleurs d\u00e9lais.<\/p>\t\t\t\t\t\t\t\t<\/div>\n\t\t\t\t<\/div>\n\t\t\t\t<div class=\"elementor-element elementor-element-97ee0f8 elementor-widget elementor-widget-button\" data-id=\"97ee0f8\" data-element_type=\"widget\" data-e-type=\"widget\" data-widget_type=\"button.default\">\n\t\t\t\t<div class=\"elementor-widget-container\">\n\t\t\t\t\t\t\t\t\t<div class=\"elementor-button-wrapper\">\n\t\t\t\t\t<a class=\"elementor-button elementor-button-link elementor-size-sm\" href=\"https:\/\/hexadindustries.com\/fr\/\">\n\t\t\t\t\t\t<span class=\"elementor-button-content-wrapper\">\n\t\t\t\t\t\t<span class=\"elementor-button-icon\">\n\t\t\t\t<i aria-hidden=\"true\" class=\"fas fa-arrow-left\"><\/i>\t\t\t<\/span>\n\t\t\t\t\t\t\t\t\t<span class=\"elementor-button-text\">RETOUR \u00c0 LA PAGE D'ACCUEIL<\/span>\n\t\t\t\t\t<\/span>\n\t\t\t\t\t<\/a>\n\t\t\t\t<\/div>\n\t\t\t\t\t\t\t\t<\/div>\n\t\t\t\t<\/div>\n\t\t\t\t\t<\/div>\n\t\t<\/div>\n\t\t\t\t\t<\/div>\n\t\t<\/section>\n\t\t\t\t<\/div>\n\t\t","protected":false},"excerpt":{"rendered":"<p>Merci ! Vous venez de nous envoyer un e-mail et nous esp\u00e9rons que nous pourrons devenir de bons partenaires \u00e0 l&rsquo;avenir, dans l&rsquo;int\u00e9r\u00eat de tous. Nous vous contacterons dans un d\u00e9lai d&rsquo;un jour ouvrable. Veuillez surveiller vos e-mails provenant d&rsquo;adresses se terminant par \u00ab @hexadindustries.com \u00bb, \u00ab @hexadglass.com \u00bb ou&nbsp;WhatsApp. Si une assistance technique est [&hellip;]<\/p>\n","protected":false},"author":1,"featured_media":0,"parent":0,"menu_order":0,"comment_status":"closed","ping_status":"closed","template":"","meta":{"footnotes":""},"class_list":["post-10041","page","type-page","status-publish","hentry"],"_links":{"self":[{"href":"https:\/\/hexadindustries.com\/fr\/wp-json\/wp\/v2\/pages\/10041","targetHints":{"allow":["GET"]}}],"collection":[{"href":"https:\/\/hexadindustries.com\/fr\/wp-json\/wp\/v2\/pages"}],"about":[{"href":"https:\/\/hexadindustries.com\/fr\/wp-json\/wp\/v2\/types\/page"}],"author":[{"embeddable":true,"href":"https:\/\/hexadindustries.com\/fr\/wp-json\/wp\/v2\/users\/1"}],"replies":[{"embeddable":true,"href":"https:\/\/hexadindustries.com\/fr\/wp-json\/wp\/v2\/comments?post=10041"}],"version-history":[{"count":1,"href":"https:\/\/hexadindustries.com\/fr\/wp-json\/wp\/v2\/pages\/10041\/revisions"}],"predecessor-version":[{"id":10043,"href":"https:\/\/hexadindustries.com\/fr\/wp-json\/wp\/v2\/pages\/10041\/revisions\/10043"}],"wp:attachment":[{"href":"https:\/\/hexadindustries.com\/fr\/wp-json\/wp\/v2\/media?parent=10041"}],"curies":[{"name":"wp","href":"https:\/\/api.w.org\/{rel}","templated":true}]}}